{"id":583,"date":"2025-01-27T19:01:20","date_gmt":"2025-01-27T19:01:20","guid":{"rendered":"https:\/\/tobesecurity.com\/?page_id=583"},"modified":"2026-04-16T22:41:51","modified_gmt":"2026-04-16T22:41:51","slug":"soluciones","status":"publish","type":"page","link":"https:\/\/tobesecurity.com\/en\/soluciones\/","title":{"rendered":"Soluciones Para Tu Seguridad"},"content":{"rendered":"<p><strong>\u00a0<\/strong><\/p>\n\n\n\n<p><strong>Protege lo que m\u00e1s importa, en cualquier lugar.<\/strong><\/p>\n\n\n\n<p><strong>Envoid \u2013 Seguridad M\u00f3vil Inteligente<\/strong><\/p>\n\n\n\n<p>Envoid es una soluci\u00f3n israel\u00ed de seguridad m\u00f3vil avanzada, dise\u00f1ada para empresas y usuarios que necesitan confianza total en sus dispositivos. Con tecnolog\u00eda de \u00faltima generaci\u00f3n, Envoid previene ataques de phishing, malware, robo de datos y accesos no autorizados, ofreciendo una defensa integral contra las amenazas digitales m\u00e1s comunes en Latinoam\u00e9rica.<\/p>\n\n\n\n<p><strong>Beneficios Clave<\/strong><\/p>\n\n\n\n<ul class=\"wp-block-list\">\n<li>Protecci\u00f3n contra phishing: Bloquea intentos de suplantaci\u00f3n y enlaces maliciosos en tiempo real.<\/li>\n\n\n\n<li>Seguridad de aplicaciones: Detecta apps comprometidas y evita fugas de informaci\u00f3n.<\/li>\n\n\n\n<li>Defensa contra malware m\u00f3vil: Neutraliza software malicioso antes de que afecte al usuario.<\/li>\n\n\n\n<li>Gesti\u00f3n sencilla: Implementaci\u00f3n r\u00e1pida y amigable para empresas de cualquier tama\u00f1o.<\/li>\n\n\n\n<li>Tecnolog\u00eda israel\u00ed comprobada: Innovaci\u00f3n reconocida mundialmente en ciberseguridad.<\/li>\n<\/ul>\n\n\n\n<p><strong>\u00a0Ideal para<\/strong><\/p>\n\n\n\n<ul class=\"wp-block-list\">\n<li>Empresas de construcci\u00f3n, log\u00edstica y servicios que dependen de la movilidad.<\/li>\n\n\n\n<li>Gobiernos y organizaciones que manejan informaci\u00f3n sensible.<\/li>\n<\/ul>\n\n\n\n<p><\/p>\n\n\n\n<div class=\"wp-block-columns is-layout-flex wp-container-core-columns-is-layout-28f84493 wp-block-columns-is-layout-flex\">\n<div class=\"wp-block-column is-layout-flow wp-block-column-is-layout-flow\" style=\"flex-basis:50%\">\n<figure class=\"wp-block-video\"><video height=\"720\" style=\"aspect-ratio: 1280 \/ 720;\" width=\"1280\" controls src=\"https:\/\/tobesecurity.com\/wp-content\/uploads\/2026\/04\/enportable-spanish.mp4\"><\/video><\/figure>\n<\/div>\n\n\n\n<div class=\"wp-block-column is-layout-flow wp-block-column-is-layout-flow\" style=\"flex-basis:50%\">\n<p><\/p>\n<\/div>\n<\/div>\n\n\n\n<p><\/p>","protected":false},"excerpt":{"rendered":"<p>\u00a0 Protege lo que m\u00e1s importa, en cualquier lugar. Envoid \u2013 Seguridad M\u00f3vil Inteligente Envoid es una soluci\u00f3n israel\u00ed de seguridad m\u00f3vil avanzada, dise\u00f1ada para empresas y usuarios que necesitan confianza total en sus dispositivos. Con tecnolog\u00eda de \u00faltima generaci\u00f3n, Envoid previene ataques de phishing, malware, robo de datos y accesos no autorizados, ofreciendo una [&hellip;]<\/p>\n","protected":false},"author":1,"featured_media":0,"parent":0,"menu_order":0,"comment_status":"closed","ping_status":"closed","template":"","meta":{"footnotes":""},"class_list":["post-583","page","type-page","status-publish","hentry"],"_links":{"self":[{"href":"https:\/\/tobesecurity.com\/en\/wp-json\/wp\/v2\/pages\/583","targetHints":{"allow":["GET"]}}],"collection":[{"href":"https:\/\/tobesecurity.com\/en\/wp-json\/wp\/v2\/pages"}],"about":[{"href":"https:\/\/tobesecurity.com\/en\/wp-json\/wp\/v2\/types\/page"}],"author":[{"embeddable":true,"href":"https:\/\/tobesecurity.com\/en\/wp-json\/wp\/v2\/users\/1"}],"replies":[{"embeddable":true,"href":"https:\/\/tobesecurity.com\/en\/wp-json\/wp\/v2\/comments?post=583"}],"version-history":[{"count":49,"href":"https:\/\/tobesecurity.com\/en\/wp-json\/wp\/v2\/pages\/583\/revisions"}],"predecessor-version":[{"id":707,"href":"https:\/\/tobesecurity.com\/en\/wp-json\/wp\/v2\/pages\/583\/revisions\/707"}],"wp:attachment":[{"href":"https:\/\/tobesecurity.com\/en\/wp-json\/wp\/v2\/media?parent=583"}],"curies":[{"name":"wp","href":"https:\/\/api.w.org\/{rel}","templated":true}]}}